{"id":438,"date":"2021-04-30T10:15:19","date_gmt":"2021-04-30T10:15:19","guid":{"rendered":"https:\/\/kmetija-cigoj.com\/?page_id=438"},"modified":"2021-06-07T11:34:12","modified_gmt":"2021-06-07T11:34:12","slug":"contatto","status":"publish","type":"page","link":"https:\/\/kmetija-cigoj.com\/it\/contatto\/","title":{"rendered":"Contatto"},"content":{"rendered":"<p>[et_pb_section fb_built=&#8221;1&#8243; _builder_version=&#8221;4.9.4&#8243; _module_preset=&#8221;default&#8221; background_color=&#8221;#00a94c&#8221; custom_margin=&#8221;-50px|0px|0px|0px|false|false&#8221; custom_padding=&#8221;0px|0px|0px|0px|false|false&#8221; top_divider_style=&#8221;waves&#8221; top_divider_color=&#8221;#FFFFFF&#8221; top_divider_height=&#8221;60px&#8221; top_divider_flip=&#8221;horizontal&#8221;][et_pb_row column_structure=&#8221;1_2,1_2&#8243; use_custom_gutter=&#8221;on&#8221; gutter_width=&#8221;1&#8243; _builder_version=&#8221;4.9.4&#8243; _module_preset=&#8221;default&#8221; width=&#8221;100%&#8221; max_width=&#8221;2560px&#8221; custom_margin=&#8221;0px|0px|0px|0px|false|false&#8221; custom_padding=&#8221;0px|0px|0px|0px|false|false&#8221;][et_pb_column type=&#8221;1_2&#8243; _builder_version=&#8221;4.9.4&#8243; _module_preset=&#8221;default&#8221;][et_pb_image src=&#8221;https:\/\/kmetija-cigoj.com\/wp-content\/uploads\/2021\/04\/predstavitev-levo.jpg&#8221; title_text=&#8221;predstavitev-levo&#8221; _builder_version=&#8221;4.9.4&#8243; _module_preset=&#8221;default&#8221; animation_style=&#8221;fade&#8221;][\/et_pb_image][\/et_pb_column][et_pb_column type=&#8221;1_2&#8243; _builder_version=&#8221;4.9.4&#8243; _module_preset=&#8221;default&#8221;][et_pb_image src=&#8221;https:\/\/kmetija-cigoj.com\/wp-content\/uploads\/2021\/04\/predstavitev-desno.jpg&#8221; title_text=&#8221;predstavitev-desno&#8221; _builder_version=&#8221;4.9.4&#8243; _module_preset=&#8221;default&#8221; animation_style=&#8221;fade&#8221;][\/et_pb_image][\/et_pb_column][\/et_pb_row][\/et_pb_section][et_pb_section fb_built=&#8221;1&#8243; _builder_version=&#8221;4.9.4&#8243; _module_preset=&#8221;default&#8221; custom_margin=&#8221;0px|0px|0px|0px|false|false&#8221; custom_padding=&#8221;0px|0px|0px|0px|false|false&#8221; top_divider_color=&#8221;#FFFFFF&#8221;][et_pb_row use_custom_gutter=&#8221;on&#8221; gutter_width=&#8221;1&#8243; _builder_version=&#8221;4.9.4&#8243; _module_preset=&#8221;default&#8221; width=&#8221;90%&#8221; max_width=&#8221;2560px&#8221; custom_padding=&#8221;||5px|||&#8221;][et_pb_column type=&#8221;4_4&#8243; _builder_version=&#8221;4.9.4&#8243; _module_preset=&#8221;default&#8221;][et_pb_text _builder_version=&#8221;4.9.4&#8243; _module_preset=&#8221;default&#8221; text_font=&#8221;Open Sans||||||||&#8221; text_text_color=&#8221;#000000&#8243; text_font_size=&#8221;15px&#8221; header_2_font=&#8221;PT Serif||on||||||&#8221; header_2_text_color=&#8221;#00a94c&#8221; header_2_font_size=&#8221;42px&#8221; header_2_line_height=&#8221;1.8em&#8221; custom_margin=&#8221;30px||||false|false&#8221; header_2_font_size_tablet=&#8221;&#8221; header_2_font_size_phone=&#8221;30px&#8221; header_2_font_size_last_edited=&#8221;on|phone&#8221;]<\/p>\n<h2 style=\"text-align: left;\">Contatto<\/h2>\n<p>[\/et_pb_text][\/et_pb_column][\/et_pb_row][\/et_pb_section][et_pb_section fb_built=&#8221;1&#8243; _builder_version=&#8221;4.9.4&#8243; _module_preset=&#8221;default&#8221; custom_margin=&#8221;0px|0px|0px|0px|false|false&#8221; custom_padding=&#8221;0px|0px|0px|0px|false|false&#8221; top_divider_color=&#8221;#FFFFFF&#8221;][et_pb_row column_structure=&#8221;1_2,1_2&#8243; use_custom_gutter=&#8221;on&#8221; gutter_width=&#8221;1&#8243; _builder_version=&#8221;4.9.4&#8243; _module_preset=&#8221;default&#8221; width=&#8221;90%&#8221; max_width=&#8221;2560px&#8221; custom_padding=&#8221;||5px|||&#8221;][et_pb_column type=&#8221;1_2&#8243; _builder_version=&#8221;4.9.4&#8243; _module_preset=&#8221;default&#8221;][et_pb_text _builder_version=&#8221;4.9.4&#8243; _module_preset=&#8221;default&#8221; text_font=&#8221;Open Sans||||||||&#8221; text_text_color=&#8221;#000000&#8243; text_font_size=&#8221;18px&#8221; text_line_height=&#8221;1.8em&#8221; link_font=&#8221;|600|||||||&#8221; link_text_color=&#8221;#00A94C&#8221; header_2_font=&#8221;PT Serif||on||||||&#8221; header_2_text_color=&#8221;#00a94c&#8221; header_2_font_size=&#8221;42px&#8221; header_2_line_height=&#8221;1.8em&#8221; header_3_font=&#8221;PT Serif||on||||||&#8221; header_3_text_color=&#8221;#00A94C&#8221; header_3_font_size=&#8221;32px&#8221; header_3_line_height=&#8221;1.5em&#8221; custom_margin=&#8221;||30px||false|false&#8221; custom_padding=&#8221;20px|30px|20px|0px|false|false&#8221;]<\/p>\n<p><strong>Miha Cigoj \u2013 Dopolnilna dejavnost na kmetiji<\/strong><br \/>\u010crni\u010de 91<br \/>5262 \u010crni\u010de<br \/>Slovenia<\/p>\n<p><a href=\"mailto:info@kmetija-cigoj.com\" target=\"_top\" rel=\"noopener\">info@kmetija-cigoj.com<\/a><br \/><a href=\"tel:0038641595151\">+386 41 595 151<\/a><span>\u00a0(Miha)<\/span><br \/><a href=\"tel:0038640288084\">+386 40 288 084<\/a><span>\u00a0(Darja)<\/span><\/p>\n<p>[\/et_pb_text][et_pb_text _builder_version=&#8221;4.9.4&#8243; _module_preset=&#8221;default&#8221; text_text_color=&#8221;#000000&#8243; text_font_size=&#8221;15px&#8221; header_3_font=&#8221;PT Serif||on||||||&#8221; header_3_text_color=&#8221;#00A94C&#8221; header_3_font_size=&#8221;28px&#8221; custom_margin=&#8221;||20px||false|false&#8221;]<\/p>\n<h3>Acquisto di prodotti<\/h3>\n<p>Offriamo la possibilit\u00e0 di ritiro dei prodotti di persona presso l\u2019azienda agricola <br \/>o la consegna a domicilio previo accordo.<\/p>\n<p>[\/et_pb_text][\/et_pb_column][et_pb_column type=&#8221;1_2&#8243; _builder_version=&#8221;4.9.4&#8243; _module_preset=&#8221;default&#8221; background_color=&#8221;#00A94C&#8221; custom_padding=&#8221;20px|40px|20px|40px|false|false&#8221;][et_pb_text _builder_version=&#8221;4.9.4&#8243; _module_preset=&#8221;default&#8221; header_3_font=&#8221;PT Serif||on||||||&#8221; header_3_text_color=&#8221;#FFFFFF&#8221; header_3_font_size=&#8221;28px&#8221; custom_margin=&#8221;||20px||false|false&#8221;]<\/p>\n<h3>Invia la richiesta<\/h3>\n<p>[\/et_pb_text][et_pb_contact_form use_spam_service=&#8221;on&#8221; recaptcha_list=&#8221;Recaptcha-0&#8243; email=&#8221;info@kmetija-cigoj.com&#8221; custom_message=&#8221;Novo povpra\u0161evanje iz spletne strani||et_pb_line_break_holder||- &#8211; &#8211; ||et_pb_line_break_holder||Ime in priimek: %%ImePriimek%%||et_pb_line_break_holder||Telefonska \u0161tevilka: %%Telefonska%%||et_pb_line_break_holder||E-mail: %%Email%%||et_pb_line_break_holder||||et_pb_line_break_holder||Povpra\u0161evanje:||et_pb_line_break_holder||%%Povprasevanje%%&#8221; success_message=&#8221;Richiesta inviata con successo.&#8221; submit_button_text=&#8221;INVIA&#8221; _builder_version=&#8221;4.9.4&#8243; _module_preset=&#8221;default&#8221; form_field_background_color=&#8221;#FFFFFF&#8221; form_field_text_color=&#8221;#000000&#8243; form_field_font=&#8221;Open Sans||||||||&#8221; form_field_font_size=&#8221;15px&#8221; custom_button=&#8221;on&#8221; button_text_size=&#8221;24px&#8221; button_text_color=&#8221;#00A94C&#8221; button_bg_color=&#8221;#E5F6ED&#8221; button_border_width=&#8221;0px&#8221; button_border_radius=&#8221;0px&#8221; button_letter_spacing=&#8221;1px&#8221; button_font=&#8221;Open Sans|600||on|||||&#8221; button_icon=&#8221;%%36%%&#8221; locked=&#8221;off&#8221;][et_pb_contact_field field_id=&#8221;ImePriimek&#8221; field_title=&#8221;Nome e cognome&#8221; _builder_version=&#8221;4.9.4&#8243; button_text_size__hover_enabled=&#8221;off&#8221; button_one_text_size__hover_enabled=&#8221;off&#8221; button_two_text_size__hover_enabled=&#8221;off&#8221; button_text_color__hover_enabled=&#8221;off&#8221; button_one_text_color__hover_enabled=&#8221;off&#8221; button_two_text_color__hover_enabled=&#8221;off&#8221; button_border_width__hover_enabled=&#8221;off&#8221; button_one_border_width__hover_enabled=&#8221;off&#8221; button_two_border_width__hover_enabled=&#8221;off&#8221; button_border_color__hover_enabled=&#8221;off&#8221; button_one_border_color__hover_enabled=&#8221;off&#8221; button_two_border_color__hover_enabled=&#8221;off&#8221; button_border_radius__hover_enabled=&#8221;off&#8221; button_one_border_radius__hover_enabled=&#8221;off&#8221; button_two_border_radius__hover_enabled=&#8221;off&#8221; button_letter_spacing__hover_enabled=&#8221;off&#8221; button_one_letter_spacing__hover_enabled=&#8221;off&#8221; button_two_letter_spacing__hover_enabled=&#8221;off&#8221; button_bg_color__hover_enabled=&#8221;off&#8221; button_one_bg_color__hover_enabled=&#8221;off&#8221; button_two_bg_color__hover_enabled=&#8221;off&#8221;][\/et_pb_contact_field][et_pb_contact_field field_id=&#8221;Telefonska&#8221; field_title=&#8221;Numero di telefono (opzionale)&#8221; _builder_version=&#8221;4.9.4&#8243; _module_preset=&#8221;default&#8221;][\/et_pb_contact_field][et_pb_contact_field field_id=&#8221;Email&#8221; field_title=&#8221;E-mail&#8221; field_type=&#8221;email&#8221; _builder_version=&#8221;4.9.4&#8243; button_text_size__hover_enabled=&#8221;off&#8221; button_one_text_size__hover_enabled=&#8221;off&#8221; button_two_text_size__hover_enabled=&#8221;off&#8221; button_text_color__hover_enabled=&#8221;off&#8221; button_one_text_color__hover_enabled=&#8221;off&#8221; button_two_text_color__hover_enabled=&#8221;off&#8221; button_border_width__hover_enabled=&#8221;off&#8221; button_one_border_width__hover_enabled=&#8221;off&#8221; button_two_border_width__hover_enabled=&#8221;off&#8221; button_border_color__hover_enabled=&#8221;off&#8221; button_one_border_color__hover_enabled=&#8221;off&#8221; button_two_border_color__hover_enabled=&#8221;off&#8221; button_border_radius__hover_enabled=&#8221;off&#8221; button_one_border_radius__hover_enabled=&#8221;off&#8221; button_two_border_radius__hover_enabled=&#8221;off&#8221; button_letter_spacing__hover_enabled=&#8221;off&#8221; button_one_letter_spacing__hover_enabled=&#8221;off&#8221; button_two_letter_spacing__hover_enabled=&#8221;off&#8221; button_bg_color__hover_enabled=&#8221;off&#8221; button_one_bg_color__hover_enabled=&#8221;off&#8221; button_two_bg_color__hover_enabled=&#8221;off&#8221;][\/et_pb_contact_field][et_pb_contact_field field_id=&#8221;Povprasevanje&#8221; field_title=&#8221;Inserisci qui il testo della richiesta&#8221; field_type=&#8221;text&#8221; fullwidth_field=&#8221;on&#8221; _builder_version=&#8221;4.9.4&#8243; button_text_size__hover_enabled=&#8221;off&#8221; button_one_text_size__hover_enabled=&#8221;off&#8221; button_two_text_size__hover_enabled=&#8221;off&#8221; button_text_color__hover_enabled=&#8221;off&#8221; button_one_text_color__hover_enabled=&#8221;off&#8221; button_two_text_color__hover_enabled=&#8221;off&#8221; button_border_width__hover_enabled=&#8221;off&#8221; button_one_border_width__hover_enabled=&#8221;off&#8221; button_two_border_width__hover_enabled=&#8221;off&#8221; button_border_color__hover_enabled=&#8221;off&#8221; button_one_border_color__hover_enabled=&#8221;off&#8221; button_two_border_color__hover_enabled=&#8221;off&#8221; button_border_radius__hover_enabled=&#8221;off&#8221; button_one_border_radius__hover_enabled=&#8221;off&#8221; button_two_border_radius__hover_enabled=&#8221;off&#8221; button_letter_spacing__hover_enabled=&#8221;off&#8221; button_one_letter_spacing__hover_enabled=&#8221;off&#8221; button_two_letter_spacing__hover_enabled=&#8221;off&#8221; button_bg_color__hover_enabled=&#8221;off&#8221; button_one_bg_color__hover_enabled=&#8221;off&#8221; button_two_bg_color__hover_enabled=&#8221;off&#8221;][\/et_pb_contact_field][\/et_pb_contact_form][\/et_pb_column][\/et_pb_row][\/et_pb_section][et_pb_section fb_built=&#8221;1&#8243; _builder_version=&#8221;4.9.4&#8243; _module_preset=&#8221;default&#8221; background_color=&#8221;#E5F6ED&#8221; use_background_color_gradient=&#8221;on&#8221; background_color_gradient_start=&#8221;#e5f6ed&#8221; background_color_gradient_end=&#8221;#ffffff&#8221; background_color_gradient_direction=&#8221;0deg&#8221; background_color_gradient_start_position=&#8221;50%&#8221; min_height=&#8221;170px&#8221; custom_margin=&#8221;41px|0px|0px|0px|false|false&#8221; custom_padding=&#8221;40px|0px|0px|0px|false|false&#8221; top_divider_color=&#8221;#FFFFFF&#8221;][\/et_pb_section]<\/p>\n","protected":false},"excerpt":{"rendered":"<p>[et_pb_section fb_built=&#8221;1&#8243; _builder_version=&#8221;4.9.4&#8243; _module_preset=&#8221;default&#8221; background_color=&#8221;#00a94c&#8221; custom_margin=&#8221;-50px|0px|0px|0px|false|false&#8221; custom_padding=&#8221;0px|0px|0px|0px|false|false&#8221; top_divider_style=&#8221;waves&#8221; top_divider_color=&#8221;#FFFFFF&#8221; top_divider_height=&#8221;60px&#8221; top_divider_flip=&#8221;horizontal&#8221;][et_pb_row column_structure=&#8221;1_2,1_2&#8243; use_custom_gutter=&#8221;on&#8221; gutter_width=&#8221;1&#8243; _builder_version=&#8221;4.9.4&#8243; _module_preset=&#8221;default&#8221; width=&#8221;100%&#8221; max_width=&#8221;2560px&#8221; custom_margin=&#8221;0px|0px|0px|0px|false|false&#8221; custom_padding=&#8221;0px|0px|0px|0px|false|false&#8221;][et_pb_column type=&#8221;1_2&#8243; _builder_version=&#8221;4.9.4&#8243; _module_preset=&#8221;default&#8221;][et_pb_image src=&#8221;https:\/\/kmetija-cigoj.com\/wp-content\/uploads\/2021\/04\/predstavitev-levo.jpg&#8221; title_text=&#8221;predstavitev-levo&#8221; _builder_version=&#8221;4.9.4&#8243; _module_preset=&#8221;default&#8221; animation_style=&#8221;fade&#8221;][\/et_pb_image][\/et_pb_column][et_pb_column type=&#8221;1_2&#8243; _builder_version=&#8221;4.9.4&#8243; _module_preset=&#8221;default&#8221;][et_pb_image src=&#8221;https:\/\/kmetija-cigoj.com\/wp-content\/uploads\/2021\/04\/predstavitev-desno.jpg&#8221; title_text=&#8221;predstavitev-desno&#8221; _builder_version=&#8221;4.9.4&#8243; _module_preset=&#8221;default&#8221; animation_style=&#8221;fade&#8221;][\/et_pb_image][\/et_pb_column][\/et_pb_row][\/et_pb_section][et_pb_section fb_built=&#8221;1&#8243; _builder_version=&#8221;4.9.4&#8243; _module_preset=&#8221;default&#8221; custom_margin=&#8221;0px|0px|0px|0px|false|false&#8221; custom_padding=&#8221;0px|0px|0px|0px|false|false&#8221; top_divider_color=&#8221;#FFFFFF&#8221;][et_pb_row use_custom_gutter=&#8221;on&#8221; gutter_width=&#8221;1&#8243; _builder_version=&#8221;4.9.4&#8243; _module_preset=&#8221;default&#8221; width=&#8221;90%&#8221; max_width=&#8221;2560px&#8221; custom_padding=&#8221;||5px|||&#8221;][et_pb_column type=&#8221;4_4&#8243; _builder_version=&#8221;4.9.4&#8243; _module_preset=&#8221;default&#8221;][et_pb_text _builder_version=&#8221;4.9.4&#8243; _module_preset=&#8221;default&#8221; text_font=&#8221;Open [&hellip;]<\/p>\n","protected":false},"author":1,"featured_media":0,"parent":0,"menu_order":0,"comment_status":"closed","ping_status":"closed","template":"","meta":{"_et_pb_use_builder":"on","_et_pb_old_content":"","_et_gb_content_width":"","footnotes":""},"class_list":["post-438","page","type-page","status-publish","hentry"],"yoast_head":"<!-- This site is optimized with the Yoast SEO plugin v21.0 - https:\/\/yoast.com\/wordpress\/plugins\/seo\/ -->\n<title>Contatto ~ Kmetija Cigoj - Doma\u010de mesnine in vina - \u010crni\u010de, Vipavska dolina, Slovenija<\/title>\n<meta name=\"robots\" content=\"index, follow, max-snippet:-1, max-image-preview:large, max-video-preview:-1\" \/>\n<link rel=\"canonical\" href=\"https:\/\/kmetija-cigoj.com\/it\/contatto\/\" \/>\n<meta property=\"og:locale\" content=\"it_IT\" \/>\n<meta property=\"og:type\" content=\"article\" \/>\n<meta property=\"og:title\" content=\"Contatto ~ Kmetija Cigoj - Doma\u010de mesnine in vina - \u010crni\u010de, Vipavska dolina, Slovenija\" \/>\n<meta property=\"og:description\" content=\"[et_pb_section fb_built=&#8221;1&#8243; _builder_version=&#8221;4.9.4&#8243; _module_preset=&#8221;default&#8221; background_color=&#8221;#00a94c&#8221; custom_margin=&#8221;-50px|0px|0px|0px|false|false&#8221; custom_padding=&#8221;0px|0px|0px|0px|false|false&#8221; top_divider_style=&#8221;waves&#8221; top_divider_color=&#8221;#FFFFFF&#8221; top_divider_height=&#8221;60px&#8221; top_divider_flip=&#8221;horizontal&#8221;][et_pb_row column_structure=&#8221;1_2,1_2&#8243; use_custom_gutter=&#8221;on&#8221; gutter_width=&#8221;1&#8243; _builder_version=&#8221;4.9.4&#8243; _module_preset=&#8221;default&#8221; width=&#8221;100%&#8221; max_width=&#8221;2560px&#8221; custom_margin=&#8221;0px|0px|0px|0px|false|false&#8221; custom_padding=&#8221;0px|0px|0px|0px|false|false&#8221;][et_pb_column type=&#8221;1_2&#8243; _builder_version=&#8221;4.9.4&#8243; _module_preset=&#8221;default&#8221;][et_pb_image src=&#8221;https:\/\/kmetija-cigoj.com\/wp-content\/uploads\/2021\/04\/predstavitev-levo.jpg&#8221; title_text=&#8221;predstavitev-levo&#8221; _builder_version=&#8221;4.9.4&#8243; _module_preset=&#8221;default&#8221; animation_style=&#8221;fade&#8221;][\/et_pb_image][\/et_pb_column][et_pb_column type=&#8221;1_2&#8243; _builder_version=&#8221;4.9.4&#8243; _module_preset=&#8221;default&#8221;][et_pb_image src=&#8221;https:\/\/kmetija-cigoj.com\/wp-content\/uploads\/2021\/04\/predstavitev-desno.jpg&#8221; title_text=&#8221;predstavitev-desno&#8221; _builder_version=&#8221;4.9.4&#8243; _module_preset=&#8221;default&#8221; animation_style=&#8221;fade&#8221;][\/et_pb_image][\/et_pb_column][\/et_pb_row][\/et_pb_section][et_pb_section fb_built=&#8221;1&#8243; _builder_version=&#8221;4.9.4&#8243; _module_preset=&#8221;default&#8221; custom_margin=&#8221;0px|0px|0px|0px|false|false&#8221; custom_padding=&#8221;0px|0px|0px|0px|false|false&#8221; top_divider_color=&#8221;#FFFFFF&#8221;][et_pb_row use_custom_gutter=&#8221;on&#8221; gutter_width=&#8221;1&#8243; _builder_version=&#8221;4.9.4&#8243; _module_preset=&#8221;default&#8221; width=&#8221;90%&#8221; max_width=&#8221;2560px&#8221; custom_padding=&#8221;||5px|||&#8221;][et_pb_column type=&#8221;4_4&#8243; _builder_version=&#8221;4.9.4&#8243; _module_preset=&#8221;default&#8221;][et_pb_text _builder_version=&#8221;4.9.4&#8243; _module_preset=&#8221;default&#8221; text_font=&#8221;Open [&hellip;]\" \/>\n<meta property=\"og:url\" content=\"https:\/\/kmetija-cigoj.com\/it\/contatto\/\" \/>\n<meta property=\"og:site_name\" content=\"Kmetija Cigoj - Doma\u010de mesnine in vina - \u010crni\u010de, Vipavska dolina, Slovenija\" \/>\n<meta property=\"article:publisher\" content=\"https:\/\/www.facebook.com\/kmetija.cigoj.9\" \/>\n<meta property=\"article:modified_time\" content=\"2021-06-07T11:34:12+00:00\" \/>\n<meta name=\"twitter:card\" content=\"summary_large_image\" \/>\n<meta name=\"twitter:label1\" content=\"Tempo di lettura stimato\" \/>\n\t<meta name=\"twitter:data1\" content=\"7 minuti\" \/>\n<script type=\"application\/ld+json\" class=\"yoast-schema-graph\">{\"@context\":\"https:\/\/schema.org\",\"@graph\":[{\"@type\":\"WebPage\",\"@id\":\"https:\/\/kmetija-cigoj.com\/it\/contatto\/\",\"url\":\"https:\/\/kmetija-cigoj.com\/it\/contatto\/\",\"name\":\"Contatto ~ Kmetija Cigoj - Doma\u010de mesnine in vina - \u010crni\u010de, Vipavska dolina, Slovenija\",\"isPartOf\":{\"@id\":\"https:\/\/kmetija-cigoj.com\/#website\"},\"datePublished\":\"2021-04-30T10:15:19+00:00\",\"dateModified\":\"2021-06-07T11:34:12+00:00\",\"breadcrumb\":{\"@id\":\"https:\/\/kmetija-cigoj.com\/it\/contatto\/#breadcrumb\"},\"inLanguage\":\"it-IT\",\"potentialAction\":[{\"@type\":\"ReadAction\",\"target\":[\"https:\/\/kmetija-cigoj.com\/it\/contatto\/\"]}]},{\"@type\":\"BreadcrumbList\",\"@id\":\"https:\/\/kmetija-cigoj.com\/it\/contatto\/#breadcrumb\",\"itemListElement\":[{\"@type\":\"ListItem\",\"position\":1,\"name\":\"Home\",\"item\":\"https:\/\/kmetija-cigoj.com\/it\/domov\/\"},{\"@type\":\"ListItem\",\"position\":2,\"name\":\"Contatto\"}]},{\"@type\":\"WebSite\",\"@id\":\"https:\/\/kmetija-cigoj.com\/#website\",\"url\":\"https:\/\/kmetija-cigoj.com\/\",\"name\":\"Kmetija Cigoj\",\"description\":\"Doma\u010de mesnine in vina iz Vipavske doline\",\"publisher\":{\"@id\":\"https:\/\/kmetija-cigoj.com\/#organization\"},\"potentialAction\":[{\"@type\":\"SearchAction\",\"target\":{\"@type\":\"EntryPoint\",\"urlTemplate\":\"https:\/\/kmetija-cigoj.com\/?s={search_term_string}\"},\"query-input\":\"required name=search_term_string\"}],\"inLanguage\":\"it-IT\"},{\"@type\":\"Organization\",\"@id\":\"https:\/\/kmetija-cigoj.com\/#organization\",\"name\":\"Kmetija Cigoj - Miha Cigoj\",\"url\":\"https:\/\/kmetija-cigoj.com\/\",\"logo\":{\"@type\":\"ImageObject\",\"inLanguage\":\"it-IT\",\"@id\":\"https:\/\/kmetija-cigoj.com\/#\/schema\/logo\/image\/\",\"url\":\"https:\/\/kmetija-cigoj.com\/wp-content\/uploads\/2021\/04\/logo.jpeg\",\"contentUrl\":\"https:\/\/kmetija-cigoj.com\/wp-content\/uploads\/2021\/04\/logo.jpeg\",\"width\":2048,\"height\":2048,\"caption\":\"Kmetija Cigoj - Miha Cigoj\"},\"image\":{\"@id\":\"https:\/\/kmetija-cigoj.com\/#\/schema\/logo\/image\/\"},\"sameAs\":[\"https:\/\/www.facebook.com\/kmetija.cigoj.9\"]}]}<\/script>\n<!-- \/ Yoast SEO plugin. -->","yoast_head_json":{"title":"Contatto ~ Kmetija Cigoj - Doma\u010de mesnine in vina - \u010crni\u010de, Vipavska dolina, Slovenija","robots":{"index":"index","follow":"follow","max-snippet":"max-snippet:-1","max-image-preview":"max-image-preview:large","max-video-preview":"max-video-preview:-1"},"canonical":"https:\/\/kmetija-cigoj.com\/it\/contatto\/","og_locale":"it_IT","og_type":"article","og_title":"Contatto ~ Kmetija Cigoj - Doma\u010de mesnine in vina - \u010crni\u010de, Vipavska dolina, Slovenija","og_description":"[et_pb_section fb_built=&#8221;1&#8243; _builder_version=&#8221;4.9.4&#8243; _module_preset=&#8221;default&#8221; background_color=&#8221;#00a94c&#8221; custom_margin=&#8221;-50px|0px|0px|0px|false|false&#8221; custom_padding=&#8221;0px|0px|0px|0px|false|false&#8221; top_divider_style=&#8221;waves&#8221; top_divider_color=&#8221;#FFFFFF&#8221; top_divider_height=&#8221;60px&#8221; top_divider_flip=&#8221;horizontal&#8221;][et_pb_row column_structure=&#8221;1_2,1_2&#8243; use_custom_gutter=&#8221;on&#8221; gutter_width=&#8221;1&#8243; _builder_version=&#8221;4.9.4&#8243; _module_preset=&#8221;default&#8221; width=&#8221;100%&#8221; max_width=&#8221;2560px&#8221; custom_margin=&#8221;0px|0px|0px|0px|false|false&#8221; custom_padding=&#8221;0px|0px|0px|0px|false|false&#8221;][et_pb_column type=&#8221;1_2&#8243; _builder_version=&#8221;4.9.4&#8243; _module_preset=&#8221;default&#8221;][et_pb_image src=&#8221;https:\/\/kmetija-cigoj.com\/wp-content\/uploads\/2021\/04\/predstavitev-levo.jpg&#8221; title_text=&#8221;predstavitev-levo&#8221; _builder_version=&#8221;4.9.4&#8243; _module_preset=&#8221;default&#8221; animation_style=&#8221;fade&#8221;][\/et_pb_image][\/et_pb_column][et_pb_column type=&#8221;1_2&#8243; _builder_version=&#8221;4.9.4&#8243; _module_preset=&#8221;default&#8221;][et_pb_image src=&#8221;https:\/\/kmetija-cigoj.com\/wp-content\/uploads\/2021\/04\/predstavitev-desno.jpg&#8221; title_text=&#8221;predstavitev-desno&#8221; _builder_version=&#8221;4.9.4&#8243; _module_preset=&#8221;default&#8221; animation_style=&#8221;fade&#8221;][\/et_pb_image][\/et_pb_column][\/et_pb_row][\/et_pb_section][et_pb_section fb_built=&#8221;1&#8243; _builder_version=&#8221;4.9.4&#8243; _module_preset=&#8221;default&#8221; custom_margin=&#8221;0px|0px|0px|0px|false|false&#8221; custom_padding=&#8221;0px|0px|0px|0px|false|false&#8221; top_divider_color=&#8221;#FFFFFF&#8221;][et_pb_row use_custom_gutter=&#8221;on&#8221; gutter_width=&#8221;1&#8243; _builder_version=&#8221;4.9.4&#8243; _module_preset=&#8221;default&#8221; width=&#8221;90%&#8221; max_width=&#8221;2560px&#8221; custom_padding=&#8221;||5px|||&#8221;][et_pb_column type=&#8221;4_4&#8243; _builder_version=&#8221;4.9.4&#8243; _module_preset=&#8221;default&#8221;][et_pb_text _builder_version=&#8221;4.9.4&#8243; _module_preset=&#8221;default&#8221; text_font=&#8221;Open [&hellip;]","og_url":"https:\/\/kmetija-cigoj.com\/it\/contatto\/","og_site_name":"Kmetija Cigoj - Doma\u010de mesnine in vina - \u010crni\u010de, Vipavska dolina, Slovenija","article_publisher":"https:\/\/www.facebook.com\/kmetija.cigoj.9","article_modified_time":"2021-06-07T11:34:12+00:00","twitter_card":"summary_large_image","twitter_misc":{"Tempo di lettura stimato":"7 minuti"},"schema":{"@context":"https:\/\/schema.org","@graph":[{"@type":"WebPage","@id":"https:\/\/kmetija-cigoj.com\/it\/contatto\/","url":"https:\/\/kmetija-cigoj.com\/it\/contatto\/","name":"Contatto ~ Kmetija Cigoj - Doma\u010de mesnine in vina - \u010crni\u010de, Vipavska dolina, Slovenija","isPartOf":{"@id":"https:\/\/kmetija-cigoj.com\/#website"},"datePublished":"2021-04-30T10:15:19+00:00","dateModified":"2021-06-07T11:34:12+00:00","breadcrumb":{"@id":"https:\/\/kmetija-cigoj.com\/it\/contatto\/#breadcrumb"},"inLanguage":"it-IT","potentialAction":[{"@type":"ReadAction","target":["https:\/\/kmetija-cigoj.com\/it\/contatto\/"]}]},{"@type":"BreadcrumbList","@id":"https:\/\/kmetija-cigoj.com\/it\/contatto\/#breadcrumb","itemListElement":[{"@type":"ListItem","position":1,"name":"Home","item":"https:\/\/kmetija-cigoj.com\/it\/domov\/"},{"@type":"ListItem","position":2,"name":"Contatto"}]},{"@type":"WebSite","@id":"https:\/\/kmetija-cigoj.com\/#website","url":"https:\/\/kmetija-cigoj.com\/","name":"Kmetija Cigoj","description":"Doma\u010de mesnine in vina iz Vipavske doline","publisher":{"@id":"https:\/\/kmetija-cigoj.com\/#organization"},"potentialAction":[{"@type":"SearchAction","target":{"@type":"EntryPoint","urlTemplate":"https:\/\/kmetija-cigoj.com\/?s={search_term_string}"},"query-input":"required name=search_term_string"}],"inLanguage":"it-IT"},{"@type":"Organization","@id":"https:\/\/kmetija-cigoj.com\/#organization","name":"Kmetija Cigoj - Miha Cigoj","url":"https:\/\/kmetija-cigoj.com\/","logo":{"@type":"ImageObject","inLanguage":"it-IT","@id":"https:\/\/kmetija-cigoj.com\/#\/schema\/logo\/image\/","url":"https:\/\/kmetija-cigoj.com\/wp-content\/uploads\/2021\/04\/logo.jpeg","contentUrl":"https:\/\/kmetija-cigoj.com\/wp-content\/uploads\/2021\/04\/logo.jpeg","width":2048,"height":2048,"caption":"Kmetija Cigoj - Miha Cigoj"},"image":{"@id":"https:\/\/kmetija-cigoj.com\/#\/schema\/logo\/image\/"},"sameAs":["https:\/\/www.facebook.com\/kmetija.cigoj.9"]}]}},"_links":{"self":[{"href":"https:\/\/kmetija-cigoj.com\/it\/wp-json\/wp\/v2\/pages\/438","targetHints":{"allow":["GET"]}}],"collection":[{"href":"https:\/\/kmetija-cigoj.com\/it\/wp-json\/wp\/v2\/pages"}],"about":[{"href":"https:\/\/kmetija-cigoj.com\/it\/wp-json\/wp\/v2\/types\/page"}],"author":[{"embeddable":true,"href":"https:\/\/kmetija-cigoj.com\/it\/wp-json\/wp\/v2\/users\/1"}],"replies":[{"embeddable":true,"href":"https:\/\/kmetija-cigoj.com\/it\/wp-json\/wp\/v2\/comments?post=438"}],"version-history":[{"count":5,"href":"https:\/\/kmetija-cigoj.com\/it\/wp-json\/wp\/v2\/pages\/438\/revisions"}],"predecessor-version":[{"id":445,"href":"https:\/\/kmetija-cigoj.com\/it\/wp-json\/wp\/v2\/pages\/438\/revisions\/445"}],"wp:attachment":[{"href":"https:\/\/kmetija-cigoj.com\/it\/wp-json\/wp\/v2\/media?parent=438"}],"curies":[{"name":"wp","href":"https:\/\/api.w.org\/{rel}","templated":true}]}}