{"id":432,"date":"2021-04-28T10:30:11","date_gmt":"2021-04-28T10:30:11","guid":{"rendered":"https:\/\/kmetija-cigoj.com\/?page_id=432"},"modified":"2021-06-11T09:10:33","modified_gmt":"2021-06-11T09:10:33","slug":"presentazione","status":"publish","type":"page","link":"https:\/\/kmetija-cigoj.com\/it\/presentazione\/","title":{"rendered":"Presentazione"},"content":{"rendered":"<p>[et_pb_section fb_built=&#8221;1&#8243; _builder_version=&#8221;4.9.4&#8243; _module_preset=&#8221;default&#8221; background_color=&#8221;#00a94c&#8221; custom_margin=&#8221;-50px|0px|0px|0px|false|false&#8221; custom_padding=&#8221;0px|0px|0px|0px|false|false&#8221; top_divider_style=&#8221;waves&#8221; top_divider_color=&#8221;#FFFFFF&#8221; top_divider_height=&#8221;60px&#8221; top_divider_flip=&#8221;horizontal&#8221;][et_pb_row column_structure=&#8221;1_2,1_2&#8243; use_custom_gutter=&#8221;on&#8221; gutter_width=&#8221;1&#8243; _builder_version=&#8221;4.9.4&#8243; _module_preset=&#8221;default&#8221; width=&#8221;100%&#8221; max_width=&#8221;2560px&#8221; custom_margin=&#8221;0px|0px|0px|0px|false|false&#8221; custom_padding=&#8221;0px|0px|0px|0px|false|false&#8221;][et_pb_column type=&#8221;1_2&#8243; _builder_version=&#8221;4.9.4&#8243; _module_preset=&#8221;default&#8221;][et_pb_image src=&#8221;https:\/\/kmetija-cigoj.com\/wp-content\/uploads\/2021\/04\/predstavitev-levo.jpg&#8221; title_text=&#8221;predstavitev-levo&#8221; _builder_version=&#8221;4.9.4&#8243; _module_preset=&#8221;default&#8221; animation_style=&#8221;fade&#8221;][\/et_pb_image][\/et_pb_column][et_pb_column type=&#8221;1_2&#8243; _builder_version=&#8221;4.9.4&#8243; _module_preset=&#8221;default&#8221;][et_pb_image src=&#8221;https:\/\/kmetija-cigoj.com\/wp-content\/uploads\/2021\/04\/predstavitev-desno.jpg&#8221; title_text=&#8221;predstavitev-desno&#8221; _builder_version=&#8221;4.9.4&#8243; _module_preset=&#8221;default&#8221; animation_style=&#8221;fade&#8221;][\/et_pb_image][\/et_pb_column][\/et_pb_row][\/et_pb_section][et_pb_section fb_built=&#8221;1&#8243; _builder_version=&#8221;4.9.4&#8243; _module_preset=&#8221;default&#8221; custom_margin=&#8221;0px|0px|0px|0px|false|false&#8221; custom_padding=&#8221;0px|0px|0px|0px|false|false&#8221; top_divider_color=&#8221;#FFFFFF&#8221;][et_pb_row use_custom_gutter=&#8221;on&#8221; gutter_width=&#8221;1&#8243; _builder_version=&#8221;4.9.4&#8243; _module_preset=&#8221;default&#8221; width=&#8221;90%&#8221; max_width=&#8221;2560px&#8221; custom_padding=&#8221;||5px|||&#8221;][et_pb_column type=&#8221;4_4&#8243; _builder_version=&#8221;4.9.4&#8243; _module_preset=&#8221;default&#8221;][et_pb_text _builder_version=&#8221;4.9.4&#8243; _module_preset=&#8221;default&#8221; text_font=&#8221;Open Sans||||||||&#8221; text_text_color=&#8221;#000000&#8243; text_font_size=&#8221;15px&#8221; header_2_font=&#8221;PT Serif||on||||||&#8221; header_2_text_color=&#8221;#00a94c&#8221; header_2_font_size=&#8221;42px&#8221; header_2_line_height=&#8221;1.8em&#8221; custom_margin=&#8221;30px||||false|false&#8221; header_2_font_size_tablet=&#8221;&#8221; header_2_font_size_phone=&#8221;30px&#8221; header_2_font_size_last_edited=&#8221;on|phone&#8221;]<\/p>\n<h2 style=\"text-align: left;\">Presentazione<\/h2>\n<p>[\/et_pb_text][\/et_pb_column][\/et_pb_row][\/et_pb_section][et_pb_section fb_built=&#8221;1&#8243; _builder_version=&#8221;4.9.4&#8243; _module_preset=&#8221;default&#8221; custom_margin=&#8221;0px|0px|0px|0px|false|false&#8221; custom_padding=&#8221;0px|0px|0px|0px|false|false&#8221; top_divider_color=&#8221;#FFFFFF&#8221;][et_pb_row use_custom_gutter=&#8221;on&#8221; gutter_width=&#8221;1&#8243; _builder_version=&#8221;4.9.4&#8243; _module_preset=&#8221;default&#8221; width=&#8221;90%&#8221; max_width=&#8221;2560px&#8221; custom_padding=&#8221;||5px|||&#8221;][et_pb_column type=&#8221;4_4&#8243; _builder_version=&#8221;4.9.4&#8243; _module_preset=&#8221;default&#8221;][et_pb_text _builder_version=&#8221;4.9.4&#8243; _module_preset=&#8221;default&#8221; text_font=&#8221;Open Sans||||||||&#8221; text_text_color=&#8221;#000000&#8243; text_font_size=&#8221;15px&#8221; header_2_font=&#8221;PT Serif||on||||||&#8221; header_2_text_color=&#8221;#00a94c&#8221; header_2_font_size=&#8221;42px&#8221; header_2_line_height=&#8221;1.8em&#8221; header_3_font=&#8221;PT Serif||on||||||&#8221; header_3_text_color=&#8221;#00A94C&#8221; header_3_font_size=&#8221;32px&#8221; header_3_line_height=&#8221;1.5em&#8221; custom_margin=&#8221;||30px||false|false&#8221;]<\/p>\n<p>Nel cuore della Valle del Vipava, ai pendii dell\u2019Altopiano di Trnovo, si estende la localit\u00e0 di \u010crni\u010de. Il pendio, una volta solo in flysch, nei tempi ormai remoti venne coperto in determinati punti da una frana di rocce, venuta gi\u00f9 dalle pendici del monte \u010caven, rendendo i dintorni del paese solo parzialmente adatti ad un uso agricolo intensivo. \u00c8 una limitazione? Dipende per chi: quello che la natura ha da offrirci pu\u00f2 essere utilizzato a nostro vantaggio, bisogna solo saper scegliere le attivit\u00e0 da sviluppare sulla determinata parte della terra, su ogni singolo pezzo di terreno.<\/p>\n<p>L\u2019azienda agricola Cigoj non si \u00e8 mai limitata ad un solo settore. Seguiamo l\u2019antica saggezza che ci hanno trasmesso i nostri genitori, secondo cui per essere stabile una fattoria ha bisogno di un campo, un vigneto, delle stalle, un bosco, un prato e un orto. La maggior parte degli alimenti e dei foraggi (mais, orzo, trifoglio, zucche da foraggio) che utilizziamo viene prodotta nella nostra tenuta che ha una superficie di 40 ettari. Pure l&#8217;acqua che bevono i nostri maiali \u00e8 acqua di sorgente della nostra tenuta. Siamo convinti che una quantit\u00e0 generosa di trifoglio nel foraggio e l\u2019acqua senza aggiunta di alcun prodotto chimico siano determinanti per la qualit\u00e0 della carne che, seguendo una lunga tradizione familiare, trasformiamo in prodotti selezionati di salumeria. Le condizioni climatiche uniche, caratterizzate dalla bora, dai venti ascensionali e dalla vicinanza del mare, permettono ai salumi di maturare alla maniera tradizionale, che conferisce alla carne un tocco di nobilt\u00e0 naturale.<\/p>\n<p>Le nostra specialit\u00e0 sono i maiali \u201cmangalica\u201d allevati all\u2019aperto. Si tratta di un\u2019antica razza balcanica di maiali, famosi per la qualit\u00e0 della loro carne, intrecciata con sani fili di grasso, ricca di acidi grassi omega-3, lardo della schiena eccezionale e completamente bianco e, naturalmente, con un gusto straordinario di tutto, dal musetto alla coda.<\/p>\n<p>[\/et_pb_text][\/et_pb_column][\/et_pb_row][et_pb_row column_structure=&#8221;1_3,1_3,1_3&#8243; use_custom_gutter=&#8221;on&#8221; gutter_width=&#8221;1&#8243; _builder_version=&#8221;4.9.4&#8243; _module_preset=&#8221;default&#8221; width=&#8221;90%&#8221; max_width=&#8221;2560px&#8221; custom_margin=&#8221;-19px|auto||auto||&#8221; custom_padding=&#8221;||5px|||&#8221; animation_style=&#8221;fade&#8221;][et_pb_column type=&#8221;1_3&#8243; _builder_version=&#8221;4.9.4&#8243; _module_preset=&#8221;default&#8221; custom_padding=&#8221;20px|40px|20px|40px|false|false&#8221;][et_pb_image src=&#8221;https:\/\/kmetija-cigoj.com\/wp-content\/uploads\/2021\/04\/jordan.jpg&#8221; title_text=&#8221;jordan&#8221; show_bottom_space=&#8221;off&#8221; _builder_version=&#8221;4.9.4&#8243; _module_preset=&#8221;default&#8221; max_width=&#8221;500px&#8221; custom_margin=&#8221;0px|0px|0px|0px|false|false&#8221; custom_padding=&#8221;0px|0px|0px|0px|false|false&#8221;][\/et_pb_image][\/et_pb_column][et_pb_column type=&#8221;1_3&#8243; _builder_version=&#8221;4.9.4&#8243; _module_preset=&#8221;default&#8221; custom_padding=&#8221;20px|40px|20px|40px|false|false&#8221;][et_pb_image src=&#8221;https:\/\/kmetija-cigoj.com\/wp-content\/uploads\/2021\/04\/prsut-copy.jpg&#8221; title_text=&#8221;prsut copy&#8221; show_bottom_space=&#8221;off&#8221; _builder_version=&#8221;4.9.4&#8243; _module_preset=&#8221;default&#8221; max_width=&#8221;500px&#8221; custom_margin=&#8221;0px|0px|0px|0px|false|false&#8221; custom_padding=&#8221;0px|0px|0px|0px|false|false&#8221;][\/et_pb_image][\/et_pb_column][et_pb_column type=&#8221;1_3&#8243; _builder_version=&#8221;4.9.4&#8243; _module_preset=&#8221;default&#8221; custom_padding=&#8221;20px|40px|20px|40px|false|false&#8221;][et_pb_image src=&#8221;https:\/\/kmetija-cigoj.com\/wp-content\/uploads\/2021\/04\/mangulica-9-copy.jpg&#8221; title_text=&#8221;mangulica-9 copy&#8221; show_bottom_space=&#8221;off&#8221; _builder_version=&#8221;4.9.4&#8243; _module_preset=&#8221;default&#8221; max_width=&#8221;500px&#8221; custom_margin=&#8221;0px|0px|0px|0px|false|false&#8221; custom_padding=&#8221;0px|0px|0px|0px|false|false&#8221;][\/et_pb_image][\/et_pb_column][\/et_pb_row][\/et_pb_section][et_pb_section fb_built=&#8221;1&#8243; _builder_version=&#8221;4.9.4&#8243; _module_preset=&#8221;default&#8221; background_color=&#8221;#E5F6ED&#8221; use_background_color_gradient=&#8221;on&#8221; background_color_gradient_start=&#8221;#e5f6ed&#8221; background_color_gradient_end=&#8221;#ffffff&#8221; background_color_gradient_direction=&#8221;0deg&#8221; background_color_gradient_start_position=&#8221;50%&#8221; min_height=&#8221;170px&#8221; custom_margin=&#8221;1px|0px|0px|0px|false|false&#8221; custom_padding=&#8221;40px|0px|0px|0px|false|false&#8221; top_divider_color=&#8221;#FFFFFF&#8221; locked=&#8221;off&#8221;][\/et_pb_section]<\/p>\n","protected":false},"excerpt":{"rendered":"<p>[et_pb_section fb_built=&#8221;1&#8243; _builder_version=&#8221;4.9.4&#8243; _module_preset=&#8221;default&#8221; background_color=&#8221;#00a94c&#8221; custom_margin=&#8221;-50px|0px|0px|0px|false|false&#8221; custom_padding=&#8221;0px|0px|0px|0px|false|false&#8221; top_divider_style=&#8221;waves&#8221; top_divider_color=&#8221;#FFFFFF&#8221; top_divider_height=&#8221;60px&#8221; top_divider_flip=&#8221;horizontal&#8221;][et_pb_row column_structure=&#8221;1_2,1_2&#8243; use_custom_gutter=&#8221;on&#8221; gutter_width=&#8221;1&#8243; _builder_version=&#8221;4.9.4&#8243; _module_preset=&#8221;default&#8221; width=&#8221;100%&#8221; max_width=&#8221;2560px&#8221; custom_margin=&#8221;0px|0px|0px|0px|false|false&#8221; custom_padding=&#8221;0px|0px|0px|0px|false|false&#8221;][et_pb_column type=&#8221;1_2&#8243; _builder_version=&#8221;4.9.4&#8243; _module_preset=&#8221;default&#8221;][et_pb_image src=&#8221;https:\/\/kmetija-cigoj.com\/wp-content\/uploads\/2021\/04\/predstavitev-levo.jpg&#8221; title_text=&#8221;predstavitev-levo&#8221; _builder_version=&#8221;4.9.4&#8243; _module_preset=&#8221;default&#8221; animation_style=&#8221;fade&#8221;][\/et_pb_image][\/et_pb_column][et_pb_column type=&#8221;1_2&#8243; _builder_version=&#8221;4.9.4&#8243; _module_preset=&#8221;default&#8221;][et_pb_image src=&#8221;https:\/\/kmetija-cigoj.com\/wp-content\/uploads\/2021\/04\/predstavitev-desno.jpg&#8221; title_text=&#8221;predstavitev-desno&#8221; _builder_version=&#8221;4.9.4&#8243; _module_preset=&#8221;default&#8221; animation_style=&#8221;fade&#8221;][\/et_pb_image][\/et_pb_column][\/et_pb_row][\/et_pb_section][et_pb_section fb_built=&#8221;1&#8243; _builder_version=&#8221;4.9.4&#8243; _module_preset=&#8221;default&#8221; custom_margin=&#8221;0px|0px|0px|0px|false|false&#8221; custom_padding=&#8221;0px|0px|0px|0px|false|false&#8221; top_divider_color=&#8221;#FFFFFF&#8221;][et_pb_row use_custom_gutter=&#8221;on&#8221; gutter_width=&#8221;1&#8243; _builder_version=&#8221;4.9.4&#8243; _module_preset=&#8221;default&#8221; width=&#8221;90%&#8221; max_width=&#8221;2560px&#8221; custom_padding=&#8221;||5px|||&#8221;][et_pb_column type=&#8221;4_4&#8243; _builder_version=&#8221;4.9.4&#8243; _module_preset=&#8221;default&#8221;][et_pb_text _builder_version=&#8221;4.9.4&#8243; _module_preset=&#8221;default&#8221; text_font=&#8221;Open [&hellip;]<\/p>\n","protected":false},"author":1,"featured_media":0,"parent":0,"menu_order":0,"comment_status":"closed","ping_status":"closed","template":"","meta":{"_et_pb_use_builder":"on","_et_pb_old_content":"<!-- wp:divi\/placeholder \/-->","_et_gb_content_width":"","footnotes":""},"class_list":["post-432","page","type-page","status-publish","hentry"],"yoast_head":"<!-- This site is optimized with the Yoast SEO plugin v21.0 - https:\/\/yoast.com\/wordpress\/plugins\/seo\/ -->\n<title>Presentazione ~ Kmetija Cigoj - Doma\u010de mesnine in vina - \u010crni\u010de, Vipavska dolina, Slovenija<\/title>\n<meta name=\"robots\" content=\"index, follow, max-snippet:-1, max-image-preview:large, max-video-preview:-1\" \/>\n<link rel=\"canonical\" href=\"https:\/\/kmetija-cigoj.com\/it\/presentazione\/\" \/>\n<meta property=\"og:locale\" content=\"it_IT\" \/>\n<meta property=\"og:type\" content=\"article\" \/>\n<meta property=\"og:title\" content=\"Presentazione ~ Kmetija Cigoj - Doma\u010de mesnine in vina - \u010crni\u010de, Vipavska dolina, Slovenija\" \/>\n<meta property=\"og:description\" content=\"[et_pb_section fb_built=&#8221;1&#8243; _builder_version=&#8221;4.9.4&#8243; _module_preset=&#8221;default&#8221; background_color=&#8221;#00a94c&#8221; custom_margin=&#8221;-50px|0px|0px|0px|false|false&#8221; custom_padding=&#8221;0px|0px|0px|0px|false|false&#8221; top_divider_style=&#8221;waves&#8221; top_divider_color=&#8221;#FFFFFF&#8221; top_divider_height=&#8221;60px&#8221; top_divider_flip=&#8221;horizontal&#8221;][et_pb_row column_structure=&#8221;1_2,1_2&#8243; use_custom_gutter=&#8221;on&#8221; gutter_width=&#8221;1&#8243; _builder_version=&#8221;4.9.4&#8243; _module_preset=&#8221;default&#8221; width=&#8221;100%&#8221; max_width=&#8221;2560px&#8221; custom_margin=&#8221;0px|0px|0px|0px|false|false&#8221; custom_padding=&#8221;0px|0px|0px|0px|false|false&#8221;][et_pb_column type=&#8221;1_2&#8243; _builder_version=&#8221;4.9.4&#8243; _module_preset=&#8221;default&#8221;][et_pb_image src=&#8221;https:\/\/kmetija-cigoj.com\/wp-content\/uploads\/2021\/04\/predstavitev-levo.jpg&#8221; title_text=&#8221;predstavitev-levo&#8221; _builder_version=&#8221;4.9.4&#8243; _module_preset=&#8221;default&#8221; animation_style=&#8221;fade&#8221;][\/et_pb_image][\/et_pb_column][et_pb_column type=&#8221;1_2&#8243; _builder_version=&#8221;4.9.4&#8243; _module_preset=&#8221;default&#8221;][et_pb_image src=&#8221;https:\/\/kmetija-cigoj.com\/wp-content\/uploads\/2021\/04\/predstavitev-desno.jpg&#8221; title_text=&#8221;predstavitev-desno&#8221; _builder_version=&#8221;4.9.4&#8243; _module_preset=&#8221;default&#8221; animation_style=&#8221;fade&#8221;][\/et_pb_image][\/et_pb_column][\/et_pb_row][\/et_pb_section][et_pb_section fb_built=&#8221;1&#8243; _builder_version=&#8221;4.9.4&#8243; _module_preset=&#8221;default&#8221; custom_margin=&#8221;0px|0px|0px|0px|false|false&#8221; custom_padding=&#8221;0px|0px|0px|0px|false|false&#8221; top_divider_color=&#8221;#FFFFFF&#8221;][et_pb_row use_custom_gutter=&#8221;on&#8221; gutter_width=&#8221;1&#8243; _builder_version=&#8221;4.9.4&#8243; _module_preset=&#8221;default&#8221; width=&#8221;90%&#8221; max_width=&#8221;2560px&#8221; custom_padding=&#8221;||5px|||&#8221;][et_pb_column type=&#8221;4_4&#8243; _builder_version=&#8221;4.9.4&#8243; _module_preset=&#8221;default&#8221;][et_pb_text _builder_version=&#8221;4.9.4&#8243; _module_preset=&#8221;default&#8221; text_font=&#8221;Open [&hellip;]\" \/>\n<meta property=\"og:url\" content=\"https:\/\/kmetija-cigoj.com\/it\/presentazione\/\" \/>\n<meta property=\"og:site_name\" content=\"Kmetija Cigoj - Doma\u010de mesnine in vina - \u010crni\u010de, Vipavska dolina, Slovenija\" \/>\n<meta property=\"article:publisher\" content=\"https:\/\/www.facebook.com\/kmetija.cigoj.9\" \/>\n<meta property=\"article:modified_time\" content=\"2021-06-11T09:10:33+00:00\" \/>\n<meta name=\"twitter:card\" content=\"summary_large_image\" \/>\n<meta name=\"twitter:label1\" content=\"Tempo di lettura stimato\" \/>\n\t<meta name=\"twitter:data1\" content=\"5 minuti\" \/>\n<script type=\"application\/ld+json\" class=\"yoast-schema-graph\">{\"@context\":\"https:\/\/schema.org\",\"@graph\":[{\"@type\":\"WebPage\",\"@id\":\"https:\/\/kmetija-cigoj.com\/it\/presentazione\/\",\"url\":\"https:\/\/kmetija-cigoj.com\/it\/presentazione\/\",\"name\":\"Presentazione ~ Kmetija Cigoj - Doma\u010de mesnine in vina - \u010crni\u010de, Vipavska dolina, Slovenija\",\"isPartOf\":{\"@id\":\"https:\/\/kmetija-cigoj.com\/#website\"},\"datePublished\":\"2021-04-28T10:30:11+00:00\",\"dateModified\":\"2021-06-11T09:10:33+00:00\",\"breadcrumb\":{\"@id\":\"https:\/\/kmetija-cigoj.com\/it\/presentazione\/#breadcrumb\"},\"inLanguage\":\"it-IT\",\"potentialAction\":[{\"@type\":\"ReadAction\",\"target\":[\"https:\/\/kmetija-cigoj.com\/it\/presentazione\/\"]}]},{\"@type\":\"BreadcrumbList\",\"@id\":\"https:\/\/kmetija-cigoj.com\/it\/presentazione\/#breadcrumb\",\"itemListElement\":[{\"@type\":\"ListItem\",\"position\":1,\"name\":\"Home\",\"item\":\"https:\/\/kmetija-cigoj.com\/it\/domov\/\"},{\"@type\":\"ListItem\",\"position\":2,\"name\":\"Presentazione\"}]},{\"@type\":\"WebSite\",\"@id\":\"https:\/\/kmetija-cigoj.com\/#website\",\"url\":\"https:\/\/kmetija-cigoj.com\/\",\"name\":\"Kmetija Cigoj\",\"description\":\"Doma\u010de mesnine in vina iz Vipavske doline\",\"publisher\":{\"@id\":\"https:\/\/kmetija-cigoj.com\/#organization\"},\"potentialAction\":[{\"@type\":\"SearchAction\",\"target\":{\"@type\":\"EntryPoint\",\"urlTemplate\":\"https:\/\/kmetija-cigoj.com\/?s={search_term_string}\"},\"query-input\":\"required name=search_term_string\"}],\"inLanguage\":\"it-IT\"},{\"@type\":\"Organization\",\"@id\":\"https:\/\/kmetija-cigoj.com\/#organization\",\"name\":\"Kmetija Cigoj - Miha Cigoj\",\"url\":\"https:\/\/kmetija-cigoj.com\/\",\"logo\":{\"@type\":\"ImageObject\",\"inLanguage\":\"it-IT\",\"@id\":\"https:\/\/kmetija-cigoj.com\/#\/schema\/logo\/image\/\",\"url\":\"https:\/\/kmetija-cigoj.com\/wp-content\/uploads\/2021\/04\/logo.jpeg\",\"contentUrl\":\"https:\/\/kmetija-cigoj.com\/wp-content\/uploads\/2021\/04\/logo.jpeg\",\"width\":2048,\"height\":2048,\"caption\":\"Kmetija Cigoj - Miha Cigoj\"},\"image\":{\"@id\":\"https:\/\/kmetija-cigoj.com\/#\/schema\/logo\/image\/\"},\"sameAs\":[\"https:\/\/www.facebook.com\/kmetija.cigoj.9\"]}]}<\/script>\n<!-- \/ Yoast SEO plugin. -->","yoast_head_json":{"title":"Presentazione ~ Kmetija Cigoj - Doma\u010de mesnine in vina - \u010crni\u010de, Vipavska dolina, Slovenija","robots":{"index":"index","follow":"follow","max-snippet":"max-snippet:-1","max-image-preview":"max-image-preview:large","max-video-preview":"max-video-preview:-1"},"canonical":"https:\/\/kmetija-cigoj.com\/it\/presentazione\/","og_locale":"it_IT","og_type":"article","og_title":"Presentazione ~ Kmetija Cigoj - Doma\u010de mesnine in vina - \u010crni\u010de, Vipavska dolina, Slovenija","og_description":"[et_pb_section fb_built=&#8221;1&#8243; _builder_version=&#8221;4.9.4&#8243; _module_preset=&#8221;default&#8221; background_color=&#8221;#00a94c&#8221; custom_margin=&#8221;-50px|0px|0px|0px|false|false&#8221; custom_padding=&#8221;0px|0px|0px|0px|false|false&#8221; top_divider_style=&#8221;waves&#8221; top_divider_color=&#8221;#FFFFFF&#8221; top_divider_height=&#8221;60px&#8221; top_divider_flip=&#8221;horizontal&#8221;][et_pb_row column_structure=&#8221;1_2,1_2&#8243; use_custom_gutter=&#8221;on&#8221; gutter_width=&#8221;1&#8243; _builder_version=&#8221;4.9.4&#8243; _module_preset=&#8221;default&#8221; width=&#8221;100%&#8221; max_width=&#8221;2560px&#8221; custom_margin=&#8221;0px|0px|0px|0px|false|false&#8221; custom_padding=&#8221;0px|0px|0px|0px|false|false&#8221;][et_pb_column type=&#8221;1_2&#8243; _builder_version=&#8221;4.9.4&#8243; _module_preset=&#8221;default&#8221;][et_pb_image src=&#8221;https:\/\/kmetija-cigoj.com\/wp-content\/uploads\/2021\/04\/predstavitev-levo.jpg&#8221; title_text=&#8221;predstavitev-levo&#8221; _builder_version=&#8221;4.9.4&#8243; _module_preset=&#8221;default&#8221; animation_style=&#8221;fade&#8221;][\/et_pb_image][\/et_pb_column][et_pb_column type=&#8221;1_2&#8243; _builder_version=&#8221;4.9.4&#8243; _module_preset=&#8221;default&#8221;][et_pb_image src=&#8221;https:\/\/kmetija-cigoj.com\/wp-content\/uploads\/2021\/04\/predstavitev-desno.jpg&#8221; title_text=&#8221;predstavitev-desno&#8221; _builder_version=&#8221;4.9.4&#8243; _module_preset=&#8221;default&#8221; animation_style=&#8221;fade&#8221;][\/et_pb_image][\/et_pb_column][\/et_pb_row][\/et_pb_section][et_pb_section fb_built=&#8221;1&#8243; _builder_version=&#8221;4.9.4&#8243; _module_preset=&#8221;default&#8221; custom_margin=&#8221;0px|0px|0px|0px|false|false&#8221; custom_padding=&#8221;0px|0px|0px|0px|false|false&#8221; top_divider_color=&#8221;#FFFFFF&#8221;][et_pb_row use_custom_gutter=&#8221;on&#8221; gutter_width=&#8221;1&#8243; _builder_version=&#8221;4.9.4&#8243; _module_preset=&#8221;default&#8221; width=&#8221;90%&#8221; max_width=&#8221;2560px&#8221; custom_padding=&#8221;||5px|||&#8221;][et_pb_column type=&#8221;4_4&#8243; _builder_version=&#8221;4.9.4&#8243; _module_preset=&#8221;default&#8221;][et_pb_text _builder_version=&#8221;4.9.4&#8243; _module_preset=&#8221;default&#8221; text_font=&#8221;Open [&hellip;]","og_url":"https:\/\/kmetija-cigoj.com\/it\/presentazione\/","og_site_name":"Kmetija Cigoj - Doma\u010de mesnine in vina - \u010crni\u010de, Vipavska dolina, Slovenija","article_publisher":"https:\/\/www.facebook.com\/kmetija.cigoj.9","article_modified_time":"2021-06-11T09:10:33+00:00","twitter_card":"summary_large_image","twitter_misc":{"Tempo di lettura stimato":"5 minuti"},"schema":{"@context":"https:\/\/schema.org","@graph":[{"@type":"WebPage","@id":"https:\/\/kmetija-cigoj.com\/it\/presentazione\/","url":"https:\/\/kmetija-cigoj.com\/it\/presentazione\/","name":"Presentazione ~ Kmetija Cigoj - Doma\u010de mesnine in vina - \u010crni\u010de, Vipavska dolina, Slovenija","isPartOf":{"@id":"https:\/\/kmetija-cigoj.com\/#website"},"datePublished":"2021-04-28T10:30:11+00:00","dateModified":"2021-06-11T09:10:33+00:00","breadcrumb":{"@id":"https:\/\/kmetija-cigoj.com\/it\/presentazione\/#breadcrumb"},"inLanguage":"it-IT","potentialAction":[{"@type":"ReadAction","target":["https:\/\/kmetija-cigoj.com\/it\/presentazione\/"]}]},{"@type":"BreadcrumbList","@id":"https:\/\/kmetija-cigoj.com\/it\/presentazione\/#breadcrumb","itemListElement":[{"@type":"ListItem","position":1,"name":"Home","item":"https:\/\/kmetija-cigoj.com\/it\/domov\/"},{"@type":"ListItem","position":2,"name":"Presentazione"}]},{"@type":"WebSite","@id":"https:\/\/kmetija-cigoj.com\/#website","url":"https:\/\/kmetija-cigoj.com\/","name":"Kmetija Cigoj","description":"Doma\u010de mesnine in vina iz Vipavske doline","publisher":{"@id":"https:\/\/kmetija-cigoj.com\/#organization"},"potentialAction":[{"@type":"SearchAction","target":{"@type":"EntryPoint","urlTemplate":"https:\/\/kmetija-cigoj.com\/?s={search_term_string}"},"query-input":"required name=search_term_string"}],"inLanguage":"it-IT"},{"@type":"Organization","@id":"https:\/\/kmetija-cigoj.com\/#organization","name":"Kmetija Cigoj - Miha Cigoj","url":"https:\/\/kmetija-cigoj.com\/","logo":{"@type":"ImageObject","inLanguage":"it-IT","@id":"https:\/\/kmetija-cigoj.com\/#\/schema\/logo\/image\/","url":"https:\/\/kmetija-cigoj.com\/wp-content\/uploads\/2021\/04\/logo.jpeg","contentUrl":"https:\/\/kmetija-cigoj.com\/wp-content\/uploads\/2021\/04\/logo.jpeg","width":2048,"height":2048,"caption":"Kmetija Cigoj - Miha Cigoj"},"image":{"@id":"https:\/\/kmetija-cigoj.com\/#\/schema\/logo\/image\/"},"sameAs":["https:\/\/www.facebook.com\/kmetija.cigoj.9"]}]}},"_links":{"self":[{"href":"https:\/\/kmetija-cigoj.com\/it\/wp-json\/wp\/v2\/pages\/432","targetHints":{"allow":["GET"]}}],"collection":[{"href":"https:\/\/kmetija-cigoj.com\/it\/wp-json\/wp\/v2\/pages"}],"about":[{"href":"https:\/\/kmetija-cigoj.com\/it\/wp-json\/wp\/v2\/types\/page"}],"author":[{"embeddable":true,"href":"https:\/\/kmetija-cigoj.com\/it\/wp-json\/wp\/v2\/users\/1"}],"replies":[{"embeddable":true,"href":"https:\/\/kmetija-cigoj.com\/it\/wp-json\/wp\/v2\/comments?post=432"}],"version-history":[{"count":5,"href":"https:\/\/kmetija-cigoj.com\/it\/wp-json\/wp\/v2\/pages\/432\/revisions"}],"predecessor-version":[{"id":589,"href":"https:\/\/kmetija-cigoj.com\/it\/wp-json\/wp\/v2\/pages\/432\/revisions\/589"}],"wp:attachment":[{"href":"https:\/\/kmetija-cigoj.com\/it\/wp-json\/wp\/v2\/media?parent=432"}],"curies":[{"name":"wp","href":"https:\/\/api.w.org\/{rel}","templated":true}]}}